{"id":2,"date":"2013-01-10T20:36:25","date_gmt":"2013-01-10T19:36:25","guid":{"rendered":"http:\/\/jam13rennes.sfam.org\/?page_id=2"},"modified":"2013-02-12T16:25:25","modified_gmt":"2013-02-12T15:25:25","slug":"page-d-exemple","status":"publish","type":"page","link":"https:\/\/jam13rennes.sfam.org\/","title":{"rendered":"Colloque Corpus et m\u00e9thodes : traductions th\u00e9oriques de l\u2019h\u00e9t\u00e9rog\u00e9n\u00e9it\u00e9 musicale"},"content":{"rendered":"<p><b>Date : 3, 4, 5 avril 2013\u00a0<\/b><\/p>\n<p><b>Lieu : Universit\u00e9 Rennes 2<\/b><\/p>\n<p><b>Organisation : <a title=\"Sfam\" href=\"http:\/\/www.sfam.org\">Soci\u00e9t\u00e9 Fran\u00e7aise d\u2019Analyse Musicale<\/a>, <a href=\"http:\/\/www.univ-rennes2.fr\"> Equipe Arts : pratiques et po\u00e9tiques de l\u2019Universit\u00e9 Rennes 2<\/a>, <a href=\"http:\/\/www.conservatoire.rennes.fr\">CRR de Rennes<\/a><\/b><\/p>\n<p>L\u2019objectif de ce colloque est d\u2019interroger la prise en compte de l\u2019h\u00e9t\u00e9rog\u00e9n\u00e9it\u00e9 des expressions musicales par les th\u00e9ories de l\u2019analyse musicale. Il s\u2019agira de questionner les relations qui se nouent entre toute m\u00e9thode analytique et les corpus auxquels elle pr\u00e9tend s\u2019appliquer.<\/p>\n<p>Cette r\u00e9flexion invite<\/p>\n<p>\u2013 \u00a0\u00a0\u00a0\u00a0\u00e0 d\u00e9finir pr\u00e9cis\u00e9ment la notion de corpus musical pour l\u2019analyste : identit\u00e9, fondement \u00e9pist\u00e9mologique, limites, extension,<\/p>\n<p>\u2013 \u00a0\u00a0\u00a0\u00a0\u00e0 confronter certaines m\u00e9thodes \u00e0 des corpus qui exc\u00e8dent les limites de ceux pour lesquels elles ont \u00e9t\u00e9 con\u00e7ues,<\/p>\n<p>\u2013 \u00a0\u00a0\u00a0\u00a0\u00e0 \u00e9valuer la n\u00e9cessit\u00e9 de cr\u00e9er de nouveaux champs th\u00e9oriques adapt\u00e9s \u00e0 des corpus sp\u00e9cifiques.<\/p>\n<p>Le colloque commencera, le 3 avril, par une\u00a0<i>masterclass<\/i>\u00a0consacr\u00e9e \u00e0\u00a0<i>L\u2019analyse de chansons \u00e0 voix nue du r\u00e9pertoire traditionnel breton<\/i>\u00a0par Annie Labussi\u00e8re.<\/p>\n<p>L&rsquo;orateur de r\u00e9f\u00e9rence (<i>keynoter<\/i>) sera Nicolas Mee\u00f9s, Professeur \u00e0 l&rsquo;universit\u00e9 Paris-Sorbonne.<\/p>\n<p><img loading=\"lazy\" alt=\"logos\" src=\"http:\/\/jam13rennes.sfam.org\/wp-content\/uploads\/2013\/02\/CAPTSCR-2013-02-12-\u00e0-16.16.43.jpg\" width=\"850\" height=\"70\" \/><\/p>\n","protected":false},"excerpt":{"rendered":"<p>Date : 3, 4, 5 avril 2013\u00a0 Lieu : Universit\u00e9 Rennes 2 Organisation : Soci\u00e9t\u00e9 Fran\u00e7aise d\u2019Analyse Musicale, Equipe Arts : pratiques et po\u00e9tiques de l\u2019Universit\u00e9 Rennes 2, CRR de Rennes L\u2019objectif de ce colloque est d\u2019interroger la prise en &hellip; <a href=\"https:\/\/jam13rennes.sfam.org\/\">Lire la suite <span class=\"meta-nav\">&rarr;<\/span><\/a><\/p>\n","protected":false},"author":1,"featured_media":0,"parent":0,"menu_order":0,"comment_status":"closed","ping_status":"closed","template":"","meta":[],"_links":{"self":[{"href":"https:\/\/jam13rennes.sfam.org\/index.php?rest_route=\/wp\/v2\/pages\/2"}],"collection":[{"href":"https:\/\/jam13rennes.sfam.org\/index.php?rest_route=\/wp\/v2\/pages"}],"about":[{"href":"https:\/\/jam13rennes.sfam.org\/index.php?rest_route=\/wp\/v2\/types\/page"}],"author":[{"embeddable":true,"href":"https:\/\/jam13rennes.sfam.org\/index.php?rest_route=\/wp\/v2\/users\/1"}],"replies":[{"embeddable":true,"href":"https:\/\/jam13rennes.sfam.org\/index.php?rest_route=%2Fwp%2Fv2%2Fcomments&post=2"}],"version-history":[{"count":48,"href":"https:\/\/jam13rennes.sfam.org\/index.php?rest_route=\/wp\/v2\/pages\/2\/revisions"}],"predecessor-version":[{"id":198,"href":"https:\/\/jam13rennes.sfam.org\/index.php?rest_route=\/wp\/v2\/pages\/2\/revisions\/198"}],"wp:attachment":[{"href":"https:\/\/jam13rennes.sfam.org\/index.php?rest_route=%2Fwp%2Fv2%2Fmedia&parent=2"}],"curies":[{"name":"wp","href":"https:\/\/api.w.org\/{rel}","templated":true}]}}