{"id":17,"date":"2013-01-11T10:07:56","date_gmt":"2013-01-11T09:07:56","guid":{"rendered":"http:\/\/jam13rennes.sfam.org\/?page_id=17"},"modified":"2013-02-05T11:22:28","modified_gmt":"2013-02-05T10:22:28","slug":"comites","status":"publish","type":"page","link":"https:\/\/jam13rennes.sfam.org\/?page_id=17","title":{"rendered":"Comit\u00e9s"},"content":{"rendered":"<header>\n<h1>Comit\u00e9 d\u2019organisation<\/h1>\n<\/header>\n<div>\n<p>Bruno BOSSIS, Sfam,\u00a0Universit\u00e9 Rennes 2, MINT\/OMF\/Paris-Sorbonne<br \/>\nMarie-No\u00eblle MASSON, Sfam, Universit\u00e9 Rennes 2<\/p>\n<h2>Comit\u00e9 scientifique : bureau et conseil d&rsquo;administration Sfam<\/h2>\n<p><em>Bureau<\/em><\/p>\n<p>Jean-Michel BARDEZ, Pr\u00e9sident<br \/>\nMarie-No\u00eblle MASSON, Vice-Pr\u00e9sidente<br \/>\nJean-Marc CHOUVEL,\u00a0\u00a0Vice-Pr\u00e9sident<br \/>\nPierre COUPRIE, Secr\u00e9taire<br \/>\nBruno BOSSIS, Tr\u00e9sorier<\/p>\n<p><em>Conseil d&rsquo;Administration<\/em><\/p>\n<p>\u2020\u00a0Andr\u00e9 RIOTTE : membre d&rsquo;honneur<\/p>\n<p>Moreno ANDREATTA<br \/>\nJean-Michel BARDEZ<br \/>\nJean-Pierre BARTOLI<br \/>\nBruno BOSSIS<br \/>\nJean-Marc CHOUVEL<br \/>\nPierre COUPRIE<br \/>\nMarie DELCAMBRE MONTPOEL<br \/>\nNicolas DONIN<br \/>\nJean-Philippe GUYE<br \/>\nNathalie HEROLD<br \/>\nMaxime JOOS<br \/>\nAnnie LABUSSIERE<br \/>\nMarie-No\u00eblle MASSON<br \/>\nNicolas MEEUS<br \/>\nAlain POIRIER<br \/>\nAlice TACAILLE<\/p>\n<\/div>\n","protected":false},"excerpt":{"rendered":"<p>Comit\u00e9 d\u2019organisation Bruno BOSSIS, Sfam,\u00a0Universit\u00e9 Rennes 2, MINT\/OMF\/Paris-Sorbonne Marie-No\u00eblle MASSON, Sfam, Universit\u00e9 Rennes 2 Comit\u00e9 scientifique : bureau et conseil d&rsquo;administration Sfam Bureau Jean-Michel BARDEZ, Pr\u00e9sident Marie-No\u00eblle MASSON, Vice-Pr\u00e9sidente Jean-Marc CHOUVEL,\u00a0\u00a0Vice-Pr\u00e9sident Pierre COUPRIE, Secr\u00e9taire Bruno BOSSIS, Tr\u00e9sorier Conseil d&rsquo;Administration \u2020\u00a0Andr\u00e9 &hellip; <a href=\"https:\/\/jam13rennes.sfam.org\/?page_id=17\">Lire la suite <span class=\"meta-nav\">&rarr;<\/span><\/a><\/p>\n","protected":false},"author":1,"featured_media":0,"parent":0,"menu_order":3,"comment_status":"closed","ping_status":"closed","template":"","meta":[],"_links":{"self":[{"href":"https:\/\/jam13rennes.sfam.org\/index.php?rest_route=\/wp\/v2\/pages\/17"}],"collection":[{"href":"https:\/\/jam13rennes.sfam.org\/index.php?rest_route=\/wp\/v2\/pages"}],"about":[{"href":"https:\/\/jam13rennes.sfam.org\/index.php?rest_route=\/wp\/v2\/types\/page"}],"author":[{"embeddable":true,"href":"https:\/\/jam13rennes.sfam.org\/index.php?rest_route=\/wp\/v2\/users\/1"}],"replies":[{"embeddable":true,"href":"https:\/\/jam13rennes.sfam.org\/index.php?rest_route=%2Fwp%2Fv2%2Fcomments&post=17"}],"version-history":[{"count":13,"href":"https:\/\/jam13rennes.sfam.org\/index.php?rest_route=\/wp\/v2\/pages\/17\/revisions"}],"predecessor-version":[{"id":19,"href":"https:\/\/jam13rennes.sfam.org\/index.php?rest_route=\/wp\/v2\/pages\/17\/revisions\/19"}],"wp:attachment":[{"href":"https:\/\/jam13rennes.sfam.org\/index.php?rest_route=%2Fwp%2Fv2%2Fmedia&parent=17"}],"curies":[{"name":"wp","href":"https:\/\/api.w.org\/{rel}","templated":true}]}}